{"id":16,"date":"2021-11-19T00:25:39","date_gmt":"2021-11-18T23:25:39","guid":{"rendered":"http:\/\/educoach-tn.com\/?page_id=16"},"modified":"2023-02-18T21:48:58","modified_gmt":"2023-02-18T20:48:58","slug":"6-2","status":"publish","type":"page","link":"https:\/\/educoach-tn.com\/index.php\/6-2\/","title":{"rendered":"Sport Sant\u00e9 \u0627\u0644\u0631\u064a\u0627\u0636\u0629 \u0627\u0644\u0635\u062d\u064a\u0629"},"content":{"rendered":"\n<p><\/p>\n\n\n\n<p class=\"has-text-align-right\"><strong>\u0647\u0630\u0627 \u0627\u0644\u0631\u0643\u0646 \u0645\u062e\u0635\u0635 \u0644\u0644\u062a\u0648\u0639\u064a\u0629 \u0627\u0644\u0645\u0648\u062c\u0647\u0629 \u0625\u0644\u0649 \u0627\u0644\u062a\u0644\u0627\u0645\u064a\u0630 \u0648\u0627\u0644\u0637\u0644\u0628\u0629 \u0648\u0623\u0648\u0644\u064a\u0627\u0626\u0647\u0645 \u0641\u064a \u0645\u062c\u0627\u0644 \u0645\u0642\u0627\u0648\u0645\u0629 \u0627\u0644\u0639\u0646\u0641 \u0639\u0646 \u0637\u0631\u064a\u0642 \u0627\u0644\u0631\u064a\u0627\u0636\u0629 \u0648\u0645\u0627 \u062a\u062a\u064a\u062d\u0647 \u0645\u0646 <\/strong><\/p>\n\n\n\n<p class=\"has-text-align-right\"><strong>\u0627\u0645\u062a\u064a\u0627\u0632\u0627\u062a \u0639\u0644\u0649 \u0645\u0633\u062a\u0648\u0649 \u0627\u0644\u062a\u0646\u0634\u0626\u0629 \u0627\u0644\u0633\u0644\u064a\u0645\u0629 \u0648\u0627\u0644\u0645\u062a\u0648\u0627\u0632\u0646\u0629 \u062c\u0633\u0645\u0627\u0646\u064a\u0627 \u0648\u0630\u0647\u0646\u064a\u0627. \u0643\u0645\u0627 \u064a\u062a\u0645 \u0639\u0646 \u0637\u0631\u064a\u0642 \u0647\u0630\u0627 \u0627\u0644\u0631\u0643\u0646 \u062d\u0634\u062f \u0627\u0644\u062c\u0647\u0648\u062f \u0644\u0625\u062d\u062f\u0627\u062b \u0627\u0644\u0645\u0633\u0627\u0644\u0643<\/strong><\/p>\n\n\n\n<p class=\"has-text-align-right\"><strong> \u0627\u0644\u0631\u064a\u0627\u0636\u064a\u0629 \u0627\u0644\u0635\u062d\u064a\u0629 \u0628\u0643\u0644 \u0645\u062d\u0644\u064a\u0629 \u0648\u062a\u062e\u0635\u064a\u0635 \u0627\u0644\u062d\u064a\u0632 \u0627\u0644\u0632\u0645\u0646\u064a \u0627\u0644\u0643\u0627\u0641\u064a \u0645\u0646 \u062c\u0645\u0644\u0629 \u0627\u0644\u0632\u0645\u0646 \u0627\u0644\u0645\u062f\u0631\u0633\u064a \u0644\u062a\u0639\u0627\u0637\u064a \u0627\u0644\u0646\u0634\u0627\u0637 \u0627\u0644\u0631\u064a\u0627\u0636\u064a \u0627\u0644\u0635\u062d\u064a.<\/strong><\/p>\n\n\n\n<p><strong>Sport et sant\u00e9<\/strong><\/p>\n\n\n\n<p><strong>Ce corner est d\u00e9di\u00e9 \u00e0 la sensibilisation des \u00e9tudiants, des \u00e9l\u00e8ves et de leurs parents au domaine de la r\u00e9sistance \u00e0 la violence par le sport et les b\u00e9n\u00e9fices qu&rsquo;il procure en termes d&rsquo;\u00e9ducation saine et \u00e9quilibr\u00e9e, physiquement et mentalement. A travers ce coin, des efforts sont \u00e9galement mobilis\u00e9s pour cr\u00e9er des pistes sportives am\u00e9nag\u00e9es dans chaque localit\u00e9 et allouer suffisamment de temps sur le temps scolaire total pour s&rsquo;engager dans une activit\u00e9 sportive saine.<\/strong><\/p>\n","protected":false},"excerpt":{"rendered":"<p>\u0647\u0630\u0627 \u0627\u0644\u0631\u0643\u0646 \u0645\u062e\u0635\u0635 \u0644\u0644\u062a\u0648\u0639\u064a\u0629 \u0627\u0644\u0645\u0648\u062c\u0647\u0629 \u0625\u0644\u0649 \u0627\u0644\u062a\u0644\u0627\u0645\u064a\u0630 \u0648\u0627\u0644\u0637\u0644\u0628\u0629 \u0648\u0623\u0648\u0644\u064a\u0627\u0626\u0647\u0645 \u0641\u064a \u0645\u062c\u0627\u0644 \u0645\u0642\u0627\u0648\u0645\u0629 \u0627\u0644\u0639\u0646\u0641 \u0639\u0646 \u0637\u0631\u064a\u0642 \u0627\u0644\u0631\u064a\u0627\u0636\u0629 \u0648\u0645\u0627 \u062a\u062a\u064a\u062d\u0647 \u0645\u0646 \u0627\u0645\u062a\u064a\u0627\u0632\u0627\u062a \u0639\u0644\u0649 \u0645\u0633\u062a\u0648\u0649 \u0627\u0644\u062a\u0646\u0634\u0626\u0629 \u0627\u0644\u0633\u0644\u064a\u0645\u0629 \u0648\u0627\u0644\u0645\u062a\u0648\u0627\u0632\u0646\u0629 \u062c\u0633\u0645\u0627\u0646\u064a\u0627 \u0648\u0630\u0647\u0646\u064a\u0627. \u0643\u0645\u0627 \u064a\u062a\u0645 \u0639\u0646 \u0637\u0631\u064a\u0642 \u0647\u0630\u0627 \u0627\u0644\u0631\u0643\u0646 \u062d\u0634\u062f \u0627\u0644\u062c\u0647\u0648\u062f \u0644\u0625\u062d\u062f\u0627\u062b \u0627\u0644\u0645\u0633\u0627\u0644\u0643 \u0627\u0644\u0631\u064a\u0627\u0636\u064a\u0629 \u0627\u0644\u0635\u062d\u064a\u0629 \u0628\u0643\u0644 \u0645\u062d\u0644\u064a\u0629 \u0648\u062a\u062e\u0635\u064a\u0635 \u0627\u0644\u062d\u064a\u0632 \u0627\u0644\u0632\u0645\u0646\u064a \u0627\u0644\u0643\u0627\u0641\u064a \u0645\u0646 \u062c\u0645\u0644\u0629 \u0627\u0644\u0632\u0645\u0646 \u0627\u0644\u0645\u062f\u0631\u0633\u064a \u0644\u062a\u0639\u0627\u0637\u064a&#8230; <a class=\"continue-reading-link\" href=\"https:\/\/educoach-tn.com\/index.php\/6-2\/\"> Continue reading <span class=\"meta-nav\">&rarr; <\/span><\/a><\/p>\n","protected":false},"author":1,"featured_media":0,"parent":0,"menu_order":0,"comment_status":"closed","ping_status":"closed","template":"","meta":{"footnotes":""},"class_list":["post-16","page","type-page","status-publish","hentry"],"_links":{"self":[{"href":"https:\/\/educoach-tn.com\/index.php\/wp-json\/wp\/v2\/pages\/16","targetHints":{"allow":["GET"]}}],"collection":[{"href":"https:\/\/educoach-tn.com\/index.php\/wp-json\/wp\/v2\/pages"}],"about":[{"href":"https:\/\/educoach-tn.com\/index.php\/wp-json\/wp\/v2\/types\/page"}],"author":[{"embeddable":true,"href":"https:\/\/educoach-tn.com\/index.php\/wp-json\/wp\/v2\/users\/1"}],"replies":[{"embeddable":true,"href":"https:\/\/educoach-tn.com\/index.php\/wp-json\/wp\/v2\/comments?post=16"}],"version-history":[{"count":3,"href":"https:\/\/educoach-tn.com\/index.php\/wp-json\/wp\/v2\/pages\/16\/revisions"}],"predecessor-version":[{"id":325,"href":"https:\/\/educoach-tn.com\/index.php\/wp-json\/wp\/v2\/pages\/16\/revisions\/325"}],"wp:attachment":[{"href":"https:\/\/educoach-tn.com\/index.php\/wp-json\/wp\/v2\/media?parent=16"}],"curies":[{"name":"wp","href":"https:\/\/api.w.org\/{rel}","templated":true}]}}